{"id":950,"date":"2023-03-15T12:36:32","date_gmt":"2023-03-15T11:36:32","guid":{"rendered":"https:\/\/www.ihr-sonnenstudio.com\/henstedt-ulzburg\/?page_id=950"},"modified":"2023-12-18T08:52:05","modified_gmt":"2023-12-18T07:52:05","slug":"agb-sunclub","status":"publish","type":"page","link":"https:\/\/www.ihr-sonnenstudio.com\/henstedt-ulzburg\/agb-sunclub\/","title":{"rendered":"AGB SunClub"},"content":{"rendered":"\r\n<h1 class=\"wp-block-heading\">Allgemeine Gesch\u00e4ftsbedingungen (AGB) f\u00fcr Online-Club-Vertr\u00e4ge<\/h1>\r\n\r\n\r\n\r\n<h3 class=\"wp-block-heading\">1. Mitgliedschaft und Nutzung<\/h3>\r\n\r\n\r\n\r\n<p><strong>1.1.<\/strong>\u00a0Das Studio f\u00fchrt einen Club f\u00fcr die Nutzung von Solarien und ggf. auch anderen Ger\u00e4ten mit unterschiedlichen Vertragskonditionen. Das Studio ist berechtigt, die Verwaltung des Clubs inklusive des Einzugs der Mitgliedsbeitr\u00e4ge und aller daraus resultierenden Aufgaben an den administrativen Dienstleister PCA Professional Card Administration GmbH, Vorsetzen 41, 20459 Hamburg, zu \u00fcbertragen und abzutreten, sofern dem Clubmitglied dadurch im Rahmen der ordnungsgem\u00e4\u00dfen Vertragsabwicklung keine zus\u00e4tzlichen Kosten entstehen. Diese Einschr\u00e4nkung gilt nicht bei eventuellen, durch das Mitglied vors\u00e4tzlich oder fahrl\u00e4ssig zu vertretenden Leistungsst\u00f6rungen.<\/p>\r\n\r\n\r\n\r\n<p><strong>1.2.<\/strong>\u00a0Mit Annahme der Mitgliedschaft im SunClub ist das Mitglied berechtigt, t\u00e4glich ein Solarium der eigenen Wahl des Studios zu nutzen. Die maximale Besonnungsdauer ist nur m\u00f6glich, wenn das Ger\u00e4t und dessen herstellerseits programmierte maximale Besonnungszeit dies zulassen. Das Studio ist berechtigt, Mitgliedsantr\u00e4ge ohne Angabe von Gr\u00fcnden abzulehnen. Das Mitglied hat das Recht, innerhalb von 14 Tagen ohne Angabe von Gr\u00fcnden der Anmeldung zum Club zu widersprechen. Die Widerspruchsfrist von 14 Tagen beginnt mit dem Tag der Anmeldung. Bei der Nutzung einer Dienstleistung erlischt Ihr Widerspruchsrecht vorzeitig, wenn die Ausf\u00fchrung der Dienstleistung mit Ihrer Zustimmung vollst\u00e4ndig oder teilweise vor Ende der Widerspruchsfrist erfolgte.<\/p>\r\n\r\n\r\n\r\n<p><strong>1.3.<\/strong>\u00a0Im Eigeninteresse verpflichtet sich das Mitglied, den Empfehlungen des Studiopersonals hinsichtlich der Nutzungsdauer der Solarien Folge zu leisten. Grundlage der Empfehlungen ist die anzunehmende individuelle Hautvertr\u00e4glichkeit des Mitglieds und gesetzliche Vorschriften nach der UVSV (UV-Schutz-Verordnung).<\/p>\r\n\r\n\r\n\r\n<p><strong>1.4.<\/strong>\u00a0Die Ger\u00e4tenutzung erfolgt w\u00e4hrend der \u00fcblichen, im Studio aush\u00e4ngenden \u00d6ffnungszeiten des Studios und richtet sich ansonsten tageszeitlich nach dem vom Mitglied gew\u00e4hlten Tarif.<\/p>\r\n\r\n\r\n\r\n<p><strong>1.5.<\/strong>\u00a0Das Mitglied hat keinen Anspruch auf die Nutzung eines bestimmten Br\u00e4unungsger\u00e4tes. Das Studio ist in der Wahl des Sortimentes der angebotenen Ger\u00e4te frei und kann dieses nach eigenem Ermessen jederzeit \u00e4ndern. Wartezeiten aufgrund belegter Ger\u00e4te, die dem \u00fcblichen Betrieb eines Sonnenstudios entsprechen, sind vom Mitglied zu akzeptieren. Aus wichtigen Gr\u00fcnden, z.B. Reparatur oder Wartung, kann das Studio einzelne Ger\u00e4te f\u00fcr die Benutzung sperren. Die Sperrung einzelner Ger\u00e4te berechtigt nicht zur Reduzierung des Mitgliedsbeitrages.<\/p>\r\n\r\n\r\n\r\n<h3 class=\"wp-block-heading\">2. Personenbezogene Mitgliedschaft \/ Mitgliedskarte<\/h3>\r\n\r\n\r\n\r\n<p><strong>2.1.<\/strong>\u00a0Jedes Mitglied erh\u00e4lt beim ersten Besuch des Studios nach der Anmeldung zum Club eine Mitgliedskarte. Die Karte ist weder \u00fcbertragbar noch ver\u00e4u\u00dferbar und gilt ausschlie\u00dflich f\u00fcr das Mitglied pers\u00f6nlich. Die Karte darf Dritten nicht zur Nutzung \u00fcberlassen werden. Um das Mitglied bei sp\u00e4teren Besuchen des Studios zuverl\u00e4ssig identifizieren zu k\u00f6nnen, erhebt das Studio bei der Ausstellung der Mitgliedskarte ein Foto vom Mitglied. Sollte die Karte trotz sorgf\u00e4ltiger Verwahrung abhandenkommen, so wird das Mitglied das Studio \u00fcber den Verlust unverz\u00fcglich informieren, damit eine Sperrung der Karte veranlasst werden kann.<\/p>\r\n\r\n\r\n\r\n<p><strong>2.2.<\/strong>\u00a0Sofern dem Mitglied eine neue Karte ausgestellt wird, werden dem Mitglied die damit verbundenen Kosten von 10,- Euro belastet.<\/p>\r\n\r\n\r\n\r\n<h3 class=\"wp-block-heading\">3. Identifikation des Mitglieds \/ Datenschutz<\/h3>\r\n\r\n\r\n\r\n<p><strong>3.1.<\/strong>\u00a0Beim ersten Besuch des Studios nach der Anmeldung zum Club und der Best\u00e4tigung der Anmeldung durch PCA Professional Card Administration GmbH identifiziert sich das Mitglied durch den Personalausweis. Die Richtigkeit der Bankverbindung wird ggf. per Bank-Kundenkarte belegt.<\/p>\r\n\r\n\r\n\r\n<p><strong>3.2.<\/strong>\u00a0Einzelheiten zu unseren Datenschutzbestimmungen entnehmen Sie bitte den auf dieser Website dokumentierten Datenschutzhinweisen.<\/p>\r\n\r\n\r\n\r\n<h3 class=\"wp-block-heading\">4. Zahlung und F\u00e4lligkeit der Beitr\u00e4ge<\/h3>\r\n\r\n\r\n\r\n<p><strong>4.1.<\/strong>\u00a0Die Zahlung der Mitgliedsbeitr\u00e4ge erfolgt monatlich im Voraus per Lastschriftverfahren. Der Beitrag ist am 1. oder 15. im Voraus datumsm\u00e4\u00dfig f\u00e4llig. Belastet wird das vom Mitglied angegebene Konto. Die H\u00f6he des monatlichen Mitgliedsbeitrages ergibt sich aus dem vom Mitglied gew\u00e4hlten Tarif.<\/p>\r\n\r\n\r\n\r\n<p><strong>4.2.<\/strong>\u00a0Bei R\u00fccklastschriften, die das Mitglied zu verantworten hat, besteht Anspruch auf hierf\u00fcr angefallene Bankgeb\u00fchren und administrative Aufwendungen.<\/p>\r\n\r\n\r\n\r\n<p><strong>4.3.<\/strong>\u00a0F\u00fcr Mahnungen, die das Studio oder dessen Verwaltung aufgrund eines R\u00fcckstandes verschickt, werden dem Mitglied 4,00 Euro Geb\u00fchren belastet.<\/p>\r\n\r\n\r\n\r\n<p><strong>4.4.<\/strong>\u00a0Ger\u00e4t das Mitglied mit der Zahlung seines monatlichen Mitgliedsbeitrages in R\u00fcckstand, so ist das Studio berechtigt, die Karte des Mitglieds bis zum vollst\u00e4ndigen Zahlungsausgleich zu sperren, ohne dass hierdurch die Mitgliedschaft und\/oder die Beitragsverpflichtung endet oder unterbrochen wird.<\/p>\r\n\r\n\r\n\r\n<p><strong>4.5.<\/strong>\u00a0Ger\u00e4t das Mitglied mit mindestens zwei Monatsbeitr\u00e4gen in R\u00fcckstand, so ist das Studio oder dessen Verwaltung berechtigt, den Vertrag fristlos zu k\u00fcndigen. Das Recht zur Vertragsk\u00fcndigung durch das Studio oder dessen Verwaltung besteht auch, wenn das Mitglied seinen Abbuchungsauftrag zur Durchf\u00fchrung des Lastschrifteinzugsverfahrens ohne dem Studio zurechenbaren Anlass widerruft. Im Falle einer K\u00fcndigung wegen Zahlungsr\u00fcckstandes oder Widerruf der Lastschrifteinzugserm\u00e4chtigung steht dem Studio ein Anspruch auf Schadenersatz in H\u00f6he der monatlichen Mitglieds-beitr\u00e4ge zu, die bis zum n\u00e4chstm\u00f6glichen, ordentlichen K\u00fcndigungstermin zu zahlen gewesen w\u00e4ren. Dem Mitglied bleibt der Nachweis vorbehalten, dass dem Studio tats\u00e4chlich ein geringerer oder kein Schaden entstanden ist.<\/p>\r\n\r\n\r\n\r\n<p><strong>4.6.<\/strong>\u00a0Mit dem Beginn der Mitgliedschaft wird die vom Mitglied zu entrichtende j\u00e4hrliche Verwaltungsgeb\u00fchr f\u00e4llig. Nachfolgende Belastungen der j\u00e4hrlich f\u00e4lligen Verwaltungsgeb\u00fchr erfolgen alle 12 Monate.<\/p>\r\n\r\n\r\n\r\n<p><strong>4.7.<\/strong>\u00a0Nach Ablauf eines Jahres, ab Beginn der Mitgliedschaft, ist das Studio zu einer Preisanpas-sung der Mitgliedsbeitr\u00e4ge berechtigt. Die Preis\u00e4nderung hat das Studio dem Mitglied mindestens einen Monat vor Inkrafttreten schriftlich mitzuteilen. Das Mitglied hat danach mit einer Frist von einem Monat das Recht zur Vertragsk\u00fcndigung. Eine Erh\u00f6hung der gesetzlichen Mehrwertsteuer w\u00e4hrend der Vertragslaufzeit, darf dem Mitglied weiterbelastet werden, ohne dass sich hieraus f\u00fcr das Mitglied das Recht zur Vertragsk\u00fcndigung ergibt.<\/p>\r\n\r\n\r\n\r\n<h3 class=\"wp-block-heading\">5. Vertragslaufzeit<\/h3>\r\n\r\n\r\n\r\n<p><strong>5.1.<\/strong>\u00a0Nach Ablauf der umseitig vom Mitglied gew\u00e4hlten Mindestlaufzeit des Vertrages, z.B. 12 oder 24 Monate, verl\u00e4ngert sich der Vertrag automatisch f\u00fcr unbestimmte Zeit, sofern er nicht sp\u00e4testens einen Monat vor Ablauf der Mindestvertragslaufzeit gek\u00fcndigt wird. Das auf unbestimmte Zeit verl\u00e4ngerte Vertragsverh\u00e4ltnis kann jederzeit mit einer Frist von einem Monat gek\u00fcndigt werden. Eine K\u00fcndigung muss in Textform erfolgen. Die K\u00fcndigung kann vom Mitglied oder auch dem Studio veranlasst werden.<\/p>\r\n\r\n\r\n\r\n<p><strong>5.2.<\/strong>\u00a0W\u00e4hrend der Vertragslaufzeit kann das Vertragsverh\u00e4ltnis nur aus wichtigem Grund gek\u00fcndigt werden. Einen solchen Grund stellen u.a. dar, der Zahlungsr\u00fcckstand des Mitglieds gem\u00e4\u00df Ziffer 4.5. oder eine Erh\u00f6hung der Preise gem\u00e4\u00df Ziffer 4.7. Im Falle einer au\u00dferordentlichen K\u00fcndigung ist eine \u2013 auch anteilige \u2013 R\u00fcckverg\u00fctung der Verwaltungsgeb\u00fchr ausgeschlossen.<\/p>\r\n\r\n\r\n\r\n<h3 class=\"wp-block-heading\">6. Daten\u00e4nderung<\/h3>\r\n\r\n\r\n\r\n<p>\u00c4ndern sich beim Mitglied pers\u00f6nliche Daten (Bankverbindung, Name, Wohnort), so ist das Mitglied verpflichtet, das Studio dar\u00fcber umgehend zu informieren.<\/p>\r\n\r\n\r\n\r\n<h3 class=\"wp-block-heading\">7. Nebenabreden<\/h3>\r\n\r\n\r\n\r\n<p>Nebenabreden bed\u00fcrfen der Schriftform, dies gilt auch f\u00fcr einen Verzicht auf das Schriftformerfordernis.<\/p>\r\n\r\n\r\n\r\n<h3 class=\"wp-block-heading\">8. Salvatorische Klausel<\/h3>\r\n\r\n\r\n\r\n<p>Sollten einzelne Bestimmungen oder Teile des Vertrages nicht rechtswirksam sein, so ber\u00fchrt dies die \u00fcbrigen Bestimmungen des Vertrages nicht. An Stelle der unwirksamen Vertragsteile vereinbaren die Parteien eine L\u00f6sung zu suchen, die dem Sinn und Zweck der unwirksamen Bestimmung am n\u00e4chsten kommt.<\/p>\r\n\r\n\r\n\r\n<h2 class=\"wp-block-heading\">Datenschutzhinweise (Erg\u00e4nzung zu unseren allgemeinen Datenschutzhinweisen)<\/h2>\r\n\r\n\r\n\r\n<p><strong>Datenverarbeitung im Rahmen des SunClub<\/strong><br \/>Verantwortliche Stelle f\u00fcr die Datenverarbeitung im Rahmen dieses Vertrages ist das genannte Studio, das sich nachfolgend mit \u201cwir\u201d und \u201cuns\u201d bezeichnet.<\/p>\r\n\r\n\r\n\r\n<p>F\u00fcr die Begr\u00fcndung und Verwaltung Ihrer Mitgliedschaft im SunClub erheben und verarbeiten wir die umseitig angegebenen Daten, namentlich Ihre postalischen Kontaktdaten, Ihre E-Mail-Adresse, Geburtsdatum und Telefonnummer sowie im Rahmen des Lastschriftmandats die Bankverbindung (Name der Bank, BIC und IBAN [alternativ nach ihrer Wahl: BLZ und Kontonummer] und Kontoinhaber) sowie die Angaben zur gew\u00fcnschten Mitgliedschaft (gew\u00e4hlte Nutzungszeiten, Laufzeit und Vertragsbeginn). W\u00e4hrend der Vertragslaufzeit verarbeiten wir ferner Informationen zu erfolgten oder ausstehenden Geldeing\u00e4ngen sowie zu den Nutzungszeitpunkten des Studios. Die Verarbeitung dieser Daten ist erforderlich, um den Vertrag durchf\u00fchren zu k\u00f6nnen; die Rechtsgrundlage hierf\u00fcr ist Art. 6 Abs. 1 lit. b DSGVO (EU Datenschutz-Grundverordnung). Insbesondere ben\u00f6tigen wir das Geburtsdatum, um die Einhaltung des Nutzungsverbots f\u00fcr Minderj\u00e4hrige nach \u00a7 4 NiSG und UVSV zu \u00fcberpr\u00fcfen und zu dokumentieren. Um Sie bei einem Zutrittswunsch zum Sonnenstudio leichter identifizieren zu k\u00f6nnen und um sicherzustellen, dass die Club-Mitgliedskarte entsprechend der vertraglichen Vereinbarung nicht unbefugt \u00fcbertragen wird, erheben wir von Ihnen ein Foto. Rechtsgrundlage hierf\u00fcr ist Ihre erteilte Einwilligung gem\u00e4\u00df Art. 6 Abs. 1 lit. a, Art. 9 Abs. 2 lit. a DSGVO. Sie k\u00f6nnen Ihre Einwilligung jederzeit widerrufen, ohne dass die Rechtm\u00e4\u00dfigkeit der aufgrund der Einwilligung bis zum Widerruf erfolgten Verarbeitung ber\u00fchrt wird. Im Falle eines Widerrufs kann es zu erheblichen Warte-\/Bearbeitungszeiten beim Zutritt zum Studio kommen, weil Ihre Nutzungsberechtigung dann manuell gepr\u00fcft werden muss.<\/p>\r\n\r\n\r\n\r\n<p>Die Verwaltung unseres SunClubs und die Einziehung der Mitgliedsbeitr\u00e4ge haben wir einem externen, professionellen Dienstleistungsunternehmen, n\u00e4mlich der PCA Professional Card Administration GmbH, Postfach 11 07 73, 20407 Hamburg \u00fcbertragen. Dieses verarbeitet Ihre Daten als Auftragsverarbeiter nur nach unserer Weisung und nicht f\u00fcr andere Zwecke als die hier beschriebenen. Eine \u00dcbermittlung Ihrer Daten an eine Stelle au\u00dferhalb des Europ\u00e4ischen Wirtschaftsraums findet nicht statt.<\/p>\r\n\r\n\r\n\r\n<p>Wir speichern Ihre Daten nur so lange, wie dies f\u00fcr die Verwaltung Ihrer Mitgliedschaft erforderlich ist. Soweit eine gesetzliche Aufbewahrungspflicht besteht (beispielsweise die zehnj\u00e4hrige Aufbewahrungsfrist f\u00fcr Buchungsbelege nach \u00a7 257 HGB und \u00a7 147 AO), speichern wir die betroffenen Daten zur Erf\u00fcllung der gesetzlichen Pflicht f\u00fcr die vorgeschriebene Dauer.<br \/>Die Bereitstellung Ihrer postalischen Kontaktdaten, des Geburtsdatums sowie der Bankverbindung ist f\u00fcr den Vertragsschluss erforderlich. Ihr Foto und Ihren Fingerabdruck erheben wir, um Sie f\u00fcr den Zutritt zum Studio einfach und schnell identifizieren zu k\u00f6nnen, ihre Telefonnummer und E-Mail-Adresse erheben wir, um bei R\u00fcckfragen leichter mit Ihnen in Kontakt treten zu k\u00f6nnen. Der Vertrag kann auch ohne Angabe dieser Daten geschlossen werden; allerdings wird die Bearbeitung Ihres Antrags und m\u00f6glicher Anfragen ohne Ihre Telefonnummer oder E-Mail-Adresse m\u00f6glicherweise l\u00e4nger dauern als bei Vorliegen dieser Informationen. Ohne Ihr Foto\/Ihren Fingerabdruck kann es zu erheblichen Warte- oder Bearbeitungszeiten beim Zutritt zum Studio kommen.<\/p>\r\n\r\n\r\n\r\n<p>Ihr Mitgliedschaftsantrag wird manuell gepr\u00fcft, eine automatisierte Entscheidungsfindung erfolgt nicht.<\/p>\r\n\r\n\r\n\r\n<p><strong>Ihre Rechte in Bezug auf den Datenschutz<br \/><\/strong>Ihnen stehen als betroffene Person nach der DSGVO die folgenden Rechte zu:<\/p>\r\n\r\n\r\n\r\n<ul class=\"wp-block-list\">\r\n<li>Recht auf Auskunft \u00fcber die betreffenden personenbezogenen Daten (Art. 15 DSGVO).<\/li>\r\n\r\n\r\n\r\n<li>Recht auf Berichtigung (Art. 16 DSGVO).<\/li>\r\n\r\n\r\n\r\n<li>Recht auf L\u00f6schung (Art. 17 DSGVO).<\/li>\r\n\r\n\r\n\r\n<li>Recht auf Einschr\u00e4nkung der Verarbeitung (Art. 18 DSGVO).<\/li>\r\n\r\n\r\n\r\n<li>Widerspruchsrecht gegen die Verarbeitung, falls die Verarbeitung aufgrund von Art.6 Abs. 1 lit. e oder lit. f DSGVO erfolgt (Art. 21 DSGVO).<\/li>\r\n\r\n\r\n\r\n<li>Recht auf Daten\u00fcbertragbarkeit (Art. 20 DSGVO).<\/li>\r\n\r\n\r\n\r\n<li>Recht, eine erteilte Einwilligung jederzeit zu widerrufen, ohne dass die Rechtm\u00e4\u00dfigkeit der aufgrund der Einwilligung bis zum Widerruf erfolgten Verarbeitung ber\u00fchrt wird, wenn die Datenverarbeitung auf einer Einwilligung nach Art. 6 Abs. 1 lit. a oder Art. 9 Abs. 2 lit. a DSGVO beruht.<\/li>\r\n\r\n\r\n\r\n<li>Beschwerderecht bei einer Aufsichtsbeh\u00f6rde (Art. 77 DSGVO). Sie k\u00f6nnen sich an jede Aufsichtsbeh\u00f6rde wenden, z.B. die f\u00fcr Ihren Wohnort oder die f\u00fcr den Sitz des Studios zust\u00e4ndige Beh\u00f6rde. Alternativ k\u00f6nnen Sie sich auch an den f\u00fcr die PCA Professional Card Administration GmbH zust\u00e4ndigen Hamburgischen Beauftragten f\u00fcr Datenschutz und Informationsfreiheit, Kurt-Schumacher-Allee 4, 20097 Hamburg, Tel.: 040 \/ 428 54 \u2013 4040, E-Mail: mailbox@datenschutz. hamburg.de wenden.<\/li>\r\n<\/ul>\r\n\r\n\r\n\r\n<p>Wenn Sie Ihre Rechte geltend machen m\u00f6chten oder bei Fragen zum Datenschutz wenden Sie sich bitte an unser Studio oder an folgende Service-Adresse:<\/p>\r\n\r\n\r\n\r\n<p>PCA Professional Card Administration GmbH,<br \/>Postfach 11 07 73,<br \/>20407 Hamburg,<br \/>E-Mail: datenschutz@pca.de.<\/p>\r\n\r\n\r\n\r\n<p>Stand: 10\/2019<\/p>\r\n\r\n\r\n\r\n<h2 class=\"wp-block-heading\">Widerrufsbelehrung Online-Clubvertrag<\/h2>\r\n\r\n\r\n\r\n<p><strong>Widerrufsrecht<\/strong><br \/>Sie haben das Recht, binnen vierzehn Tagen ohne Angabe von Gr\u00fcnden diesen Vertrag zu widerrufen. Die Widerrufsfrist betr\u00e4gt vierzehn Tage ab dem Tag des Vertragsabschlusses. Bei der Nutzung einer Dienstleistung erlischt Ihr Widerspruchsrecht vorzeitig, wenn die Ausf\u00fchrung der Dienstleistung mit Ihrer Zustimmung vollst\u00e4ndig oder teilweise vor Ende der Widerspruchsfrist erfolgte.<\/p>\r\n\r\n\r\n\r\n<p>Um Ihr Widerrufsrecht auszu\u00fcben, m\u00fcssen Sie uns,<br \/>PCA Professional Card Administration GmbH<br \/>Postfach 11 07 73<br \/>20407 Hamburg<br \/>service@pca.de<br \/>Fax: 040-654 983 47<\/p>\r\n\r\n\r\n\r\n<p>oder das Sonnenstudio, in dessen Club Sie Mitglied geworden sind, mittels einer eindeutigen Erkl\u00e4rung (z.B. ein mit der Post versandter Brief, Telefax oder E-Mail) \u00fcber Ihren Entschluss, diesen Vertrag zu widerrufen, informieren. Sie k\u00f6nnen daf\u00fcr das per Download-Link zur Verf\u00fcgung gestellte Muster-Widerrufsformular verwenden, das jedoch nicht vorgeschrieben ist.<\/p>\r\n\r\n\r\n\r\n<p>Zur Wahrung der Widerrufsfrist reicht es aus, dass Sie die Mitteilung \u00fcber die Aus\u00fcbung des Widerrufsrechts vor Ablauf der Widerrufsfrist absenden.<\/p>\r\n\r\n\r\n\r\n<p><strong>Folgen des Widerrufs<br \/><\/strong>Wenn Sie diesen Vertrag widerrufen, haben wir Ihnen alle Zahlungen, die wir von Ihnen erhalten haben, einschlie\u00dflich der Lieferkosten (mit Ausnahme der zus\u00e4tzlichen Kosten, die sich daraus ergeben, dass Sie eine andere Art der Lieferung als die von uns angebotene, g\u00fcnstigste Standardlieferung gew\u00e4hlt haben), unverz\u00fcglich und sp\u00e4testens binnen vierzehn Tagen ab dem Tag zur\u00fcckzuzahlen, an dem die Mitteilung \u00fcber Ihren Widerruf dieses Vertrags bei uns eingegangen ist. F\u00fcr diese R\u00fcckzahlung verwenden wir dasselbe Zahlungsmittel, das Sie bei der urspr\u00fcnglichen Transaktion eingesetzt haben, es sei denn, mit Ihnen wurde ausdr\u00fccklich etwas anderes vereinbart; in keinem Fall werden Ihnen wegen dieser R\u00fcckzahlung Entgelte berechnet.<\/p>\r\n\r\n\r\n\r\n<p>Ein Formular zum Ausf\u00fcllen k\u00f6nnen Sie sich auch direkt \u00fcber den folgenden Link herunterladen: <a href=\"https:\/\/cloud.pca.de\/index.php\/s\/GQPWZ9qXYWkxdxs\" target=\"_blank\" rel=\"noreferrer noopener\">https:\/\/cloud.pca.de\/index.php\/s\/GQPWZ9qXYWkxdxs<\/a><\/p>\r\n\r\n\r\n\r\n<p>Stand 03\/2023<\/p>\r\n","protected":false},"excerpt":{"rendered":"<p>Allgemeine Gesch\u00e4ftsbedingungen (AGB) f\u00fcr Online-Club-Vertr\u00e4ge 1. Mitgliedschaft und Nutzung 1.1.\u00a0Das Studio f\u00fchrt einen Club f\u00fcr die Nutzung von Solarien und ggf. auch anderen Ger\u00e4ten mit unterschiedlichen Vertragskonditionen. Das Studio ist berechtigt, die Verwaltung des Clubs inklusive des Einzugs der Mitgliedsbeitr\u00e4ge und aller daraus resultierenden Aufgaben an den administrativen Dienstleister PCA Professional Card Administration GmbH, Vorsetzen [&hellip;]<\/p>\n","protected":false},"author":1,"featured_media":0,"parent":0,"menu_order":0,"comment_status":"closed","ping_status":"closed","template":"","meta":{"footnotes":""},"class_list":["post-950","page","type-page","status-publish","hentry"],"yoast_head":"<!-- This site is optimized with the Yoast SEO plugin v27.4 - https:\/\/yoast.com\/product\/yoast-seo-wordpress\/ -->\n<title>AGB SunClub - Ihr Sonnenstudio Henstedt-Ulzburg<\/title>\n<meta name=\"robots\" content=\"noindex, nofollow\" \/>\n<meta property=\"og:locale\" content=\"de_DE\" \/>\n<meta property=\"og:type\" content=\"article\" \/>\n<meta property=\"og:title\" content=\"AGB SunClub - Ihr Sonnenstudio Henstedt-Ulzburg\" \/>\n<meta property=\"og:description\" content=\"Allgemeine Gesch\u00e4ftsbedingungen (AGB) f\u00fcr Online-Club-Vertr\u00e4ge 1. Mitgliedschaft und Nutzung 1.1.\u00a0Das Studio f\u00fchrt einen Club f\u00fcr die Nutzung von Solarien und ggf. auch anderen Ger\u00e4ten mit unterschiedlichen Vertragskonditionen. Das Studio ist berechtigt, die Verwaltung des Clubs inklusive des Einzugs der Mitgliedsbeitr\u00e4ge und aller daraus resultierenden Aufgaben an den administrativen Dienstleister PCA Professional Card Administration GmbH, Vorsetzen [&hellip;]\" \/>\n<meta property=\"og:url\" content=\"https:\/\/www.ihr-sonnenstudio.com\/henstedt-ulzburg\/agb-sunclub\/\" \/>\n<meta property=\"og:site_name\" content=\"Ihr Sonnenstudio Henstedt-Ulzburg\" \/>\n<meta property=\"article:modified_time\" content=\"2023-12-18T07:52:05+00:00\" \/>\n<meta name=\"twitter:card\" content=\"summary_large_image\" \/>\n<meta name=\"twitter:label1\" content=\"Gesch\u00e4tzte Lesezeit\" \/>\n\t<meta name=\"twitter:data1\" content=\"12\u00a0Minuten\" \/>\n<script type=\"application\/ld+json\" class=\"yoast-schema-graph\">{\"@context\":\"https:\\\/\\\/schema.org\",\"@graph\":[{\"@type\":\"WebPage\",\"@id\":\"https:\\\/\\\/www.ihr-sonnenstudio.com\\\/henstedt-ulzburg\\\/agb-sunclub\\\/\",\"url\":\"https:\\\/\\\/www.ihr-sonnenstudio.com\\\/henstedt-ulzburg\\\/agb-sunclub\\\/\",\"name\":\"AGB SunClub - Ihr Sonnenstudio Henstedt-Ulzburg\",\"isPartOf\":{\"@id\":\"https:\\\/\\\/www.ihr-sonnenstudio.com\\\/henstedt-ulzburg\\\/#website\"},\"datePublished\":\"2023-03-15T11:36:32+00:00\",\"dateModified\":\"2023-12-18T07:52:05+00:00\",\"breadcrumb\":{\"@id\":\"https:\\\/\\\/www.ihr-sonnenstudio.com\\\/henstedt-ulzburg\\\/agb-sunclub\\\/#breadcrumb\"},\"inLanguage\":\"de\",\"potentialAction\":[{\"@type\":\"ReadAction\",\"target\":[\"https:\\\/\\\/www.ihr-sonnenstudio.com\\\/henstedt-ulzburg\\\/agb-sunclub\\\/\"]}]},{\"@type\":\"BreadcrumbList\",\"@id\":\"https:\\\/\\\/www.ihr-sonnenstudio.com\\\/henstedt-ulzburg\\\/agb-sunclub\\\/#breadcrumb\",\"itemListElement\":[{\"@type\":\"ListItem\",\"position\":1,\"name\":\"Startseite\",\"item\":\"https:\\\/\\\/www.ihr-sonnenstudio.com\\\/henstedt-ulzburg\\\/home\\\/\"},{\"@type\":\"ListItem\",\"position\":2,\"name\":\"AGB SunClub\"}]},{\"@type\":\"WebSite\",\"@id\":\"https:\\\/\\\/www.ihr-sonnenstudio.com\\\/henstedt-ulzburg\\\/#website\",\"url\":\"https:\\\/\\\/www.ihr-sonnenstudio.com\\\/henstedt-ulzburg\\\/\",\"name\":\"Ihr Sonnenstudio Henstedt-Ulzburg\",\"description\":\"\",\"potentialAction\":[{\"@type\":\"SearchAction\",\"target\":{\"@type\":\"EntryPoint\",\"urlTemplate\":\"https:\\\/\\\/www.ihr-sonnenstudio.com\\\/henstedt-ulzburg\\\/?s={search_term_string}\"},\"query-input\":{\"@type\":\"PropertyValueSpecification\",\"valueRequired\":true,\"valueName\":\"search_term_string\"}}],\"inLanguage\":\"de\"}]}<\/script>\n<!-- \/ Yoast SEO plugin. -->","yoast_head_json":{"title":"AGB SunClub - Ihr Sonnenstudio Henstedt-Ulzburg","robots":{"index":"noindex","follow":"nofollow"},"og_locale":"de_DE","og_type":"article","og_title":"AGB SunClub - Ihr Sonnenstudio Henstedt-Ulzburg","og_description":"Allgemeine Gesch\u00e4ftsbedingungen (AGB) f\u00fcr Online-Club-Vertr\u00e4ge 1. Mitgliedschaft und Nutzung 1.1.\u00a0Das Studio f\u00fchrt einen Club f\u00fcr die Nutzung von Solarien und ggf. auch anderen Ger\u00e4ten mit unterschiedlichen Vertragskonditionen. Das Studio ist berechtigt, die Verwaltung des Clubs inklusive des Einzugs der Mitgliedsbeitr\u00e4ge und aller daraus resultierenden Aufgaben an den administrativen Dienstleister PCA Professional Card Administration GmbH, Vorsetzen [&hellip;]","og_url":"https:\/\/www.ihr-sonnenstudio.com\/henstedt-ulzburg\/agb-sunclub\/","og_site_name":"Ihr Sonnenstudio Henstedt-Ulzburg","article_modified_time":"2023-12-18T07:52:05+00:00","twitter_card":"summary_large_image","twitter_misc":{"Gesch\u00e4tzte Lesezeit":"12\u00a0Minuten"},"schema":{"@context":"https:\/\/schema.org","@graph":[{"@type":"WebPage","@id":"https:\/\/www.ihr-sonnenstudio.com\/henstedt-ulzburg\/agb-sunclub\/","url":"https:\/\/www.ihr-sonnenstudio.com\/henstedt-ulzburg\/agb-sunclub\/","name":"AGB SunClub - Ihr Sonnenstudio Henstedt-Ulzburg","isPartOf":{"@id":"https:\/\/www.ihr-sonnenstudio.com\/henstedt-ulzburg\/#website"},"datePublished":"2023-03-15T11:36:32+00:00","dateModified":"2023-12-18T07:52:05+00:00","breadcrumb":{"@id":"https:\/\/www.ihr-sonnenstudio.com\/henstedt-ulzburg\/agb-sunclub\/#breadcrumb"},"inLanguage":"de","potentialAction":[{"@type":"ReadAction","target":["https:\/\/www.ihr-sonnenstudio.com\/henstedt-ulzburg\/agb-sunclub\/"]}]},{"@type":"BreadcrumbList","@id":"https:\/\/www.ihr-sonnenstudio.com\/henstedt-ulzburg\/agb-sunclub\/#breadcrumb","itemListElement":[{"@type":"ListItem","position":1,"name":"Startseite","item":"https:\/\/www.ihr-sonnenstudio.com\/henstedt-ulzburg\/home\/"},{"@type":"ListItem","position":2,"name":"AGB SunClub"}]},{"@type":"WebSite","@id":"https:\/\/www.ihr-sonnenstudio.com\/henstedt-ulzburg\/#website","url":"https:\/\/www.ihr-sonnenstudio.com\/henstedt-ulzburg\/","name":"Ihr Sonnenstudio Henstedt-Ulzburg","description":"","potentialAction":[{"@type":"SearchAction","target":{"@type":"EntryPoint","urlTemplate":"https:\/\/www.ihr-sonnenstudio.com\/henstedt-ulzburg\/?s={search_term_string}"},"query-input":{"@type":"PropertyValueSpecification","valueRequired":true,"valueName":"search_term_string"}}],"inLanguage":"de"}]}},"_links":{"self":[{"href":"https:\/\/www.ihr-sonnenstudio.com\/henstedt-ulzburg\/wp-json\/wp\/v2\/pages\/950","targetHints":{"allow":["GET"]}}],"collection":[{"href":"https:\/\/www.ihr-sonnenstudio.com\/henstedt-ulzburg\/wp-json\/wp\/v2\/pages"}],"about":[{"href":"https:\/\/www.ihr-sonnenstudio.com\/henstedt-ulzburg\/wp-json\/wp\/v2\/types\/page"}],"author":[{"embeddable":true,"href":"https:\/\/www.ihr-sonnenstudio.com\/henstedt-ulzburg\/wp-json\/wp\/v2\/users\/1"}],"replies":[{"embeddable":true,"href":"https:\/\/www.ihr-sonnenstudio.com\/henstedt-ulzburg\/wp-json\/wp\/v2\/comments?post=950"}],"version-history":[{"count":2,"href":"https:\/\/www.ihr-sonnenstudio.com\/henstedt-ulzburg\/wp-json\/wp\/v2\/pages\/950\/revisions"}],"predecessor-version":[{"id":1151,"href":"https:\/\/www.ihr-sonnenstudio.com\/henstedt-ulzburg\/wp-json\/wp\/v2\/pages\/950\/revisions\/1151"}],"wp:attachment":[{"href":"https:\/\/www.ihr-sonnenstudio.com\/henstedt-ulzburg\/wp-json\/wp\/v2\/media?parent=950"}],"curies":[{"name":"wp","href":"https:\/\/api.w.org\/{rel}","templated":true}]}}