{"id":695,"date":"2023-02-14T16:47:21","date_gmt":"2023-02-14T15:47:21","guid":{"rendered":"https:\/\/www.ihr-sonnenstudio.com\/henstedt-ulzburg\/?page_id=695"},"modified":"2023-02-21T11:37:36","modified_gmt":"2023-02-21T10:37:36","slug":"kuendigung","status":"publish","type":"page","link":"https:\/\/www.ihr-sonnenstudio.com\/henstedt-ulzburg\/kuendigung\/","title":{"rendered":"SunClub Mitgliedschaft k\u00fcndigen"},"content":{"rendered":"<!-- sunclub_cancel 1.1.51 -->\n<style>\nul.parsley-error-list{ padding-left: 0px; display: block !important;}\n#cancelDateButton.disabled {pointer-events: none;}\n<\/style>\n\n<div id=\"pca-cancel\">\n  <div class=\"panel panel-info\" id=\"customer_data\">\n    <div class=\"panel-heading\">\n      <h3 class=\"panel-title\">Vertrag hier k\u00fcndigen<\/h3>\n    <\/div>\n    <div class=\"panel-body\"><p>Um Ihren online abgeschlossenen Vertrag hier k\u00fcndigen zu k\u00f6nnen,<br \/>geben Sie bitte hier Ihre Mitgliedsnummer und Ihr Geburtsdatum zur Legitimation an.<\/p>     <div id=\"customerVerification\" class=\"\">\n      <div class=\"row\">\n        <div class=\"col-xs-12\">\n          <div class=\"row formrow\">\n            <div class=\"form-group col-sm-6 col-xs-12\">\n              <label for=\"cardIdToCheck\" class=\"control-label\">\n              Mitgliedsnummer*              <\/label>\n              <div>\n                 <input type=\"text\" parsley-required=\"true\" name=\"cardIdToCheck\" id=\"cardIdToCheck\" class=\"form-control input-sm\" tabindex=\"1\">\n               <\/div>\n            <\/div>\n            <div class=\"form-group col-sm-6 col-xs-12\">\n              <label for=\"customerDOB\" class=\"control-label\">\n              Geburtstag*              <\/label>\n              <div>\n                 <input required type=\"text\" id=\"customerDOB\" name=\"customerDOB\" class=\"form-control input-sm inputmask dateinput\" placeholder=\"TT.MM.JJJJ\" tabindex=\"2\" \/>\n              <\/div>\n            <\/div>\n          <\/div>\n          <button type=\"button\" class=\"btn btn-pca has-spinner\" id=\"checkCustomer\"> <span class=\"spinner\"><i class=\"fa fa-spinner fa-spin fa-pulse\" aria-hidden=\"true\"><\/i><\/span>Pr\u00fcfen und jetzt k\u00fcndigen<\/button>                \n        <\/div>\n      <\/div>\n    <\/div>\n    <div id=\"customerVerificationMessage\" class=\"help-block alert\">\n    <p><span id=\"verification_success\">Herzlich willkommen, <span id=\"customer_name\"><\/span><\/span><span id=\"verification_error\"><\/span><\/p>    <\/div>\n    \n    <div id=\"customerData\" class=\"row\">\n      <div class=\"col-md-6\" id=\"personalData\">\n        <div class=\"panel panel-default\">\n          <div class=\"panel-heading\">\n            <h3 class=\"panel-title\">Ihre Daten<\/h3>\n          <\/div>\n          <div class=\"panel-body\">\n            <p><span class=\"personalDataElement\"><span id=\"personalData_salutation\"><\/span><br \/><\/span>\n            <span class=\"personalDataElement\"><span id=\"personalData_name\"><\/span><br \/><\/span>\n            <span class=\"personalDataElement\"><span id=\"personalData_street\"><\/span><br \/><\/span>\n            <span class=\"personalDataElement\"><span id=\"personalData_city\"><\/span><br \/><\/span><\/p>\n            <p><span class=\"personalDataElement\"><span id=\"personalData_phone\">Telefon: <span class=\"number\"><\/span><br\/><\/span><\/span>\n            <span class=\"personalDataElement\"><span id=\"personalData_mobil\"><span class=\"number\"><\/span><br\/><\/span><\/span>\n            <span class=\"personalDataElement\">E-Mail: <span id=\"personalData_email\"><\/span><br \/><\/span>\n            <span class=\"personalDataElement\">Geburtstag: <span id=\"personalData_birthDate\"><\/span><br \/><\/span><\/p>\n          <\/div>\n        <\/div>\n      <\/div>\n      <div class=\"col-md-6\" id=\"cardDetails\">\n        <div class=\"panel panel-default\">\n          <div class=\"panel-heading\">\n            <h3 class=\"panel-title\">Ihr Vertrag<\/h3>\n          <\/div>\n          <div class=\"panel-body\">\n            <h4 id=\"cardname\"><\/h4>\n            <p>Vertragsbeginn: <span id=\"customerFromDate\"><\/span><\/p>\n            <p>Laufzeitende: <span id=\"customerToDate\"><\/span><\/p>\n            <p id=\"customerCancelDate\">Vertrag ist gek\u00fcndigt zum: <span><\/span><\/p>\n            <p id=\"customerLatestCancelDate\">Sp\u00e4tester Termin f\u00fcr eine K\u00fcndigung: <span><\/span><\/p>\n          <\/div>\n        <\/div>\n      <\/div>\n      <div class=\"col-xs-12\" id=\"cancelOnlineMessage\">\n        <div class=\"help-block alert alert-warning\"><p>Da Ihr Vertrag nicht online abgeschlossen wurde, ist eine Online-K\u00fcndigung leider nicht m\u00f6glich.<\/p><p>Bitte k\u00fcndigen Sie in Textform, indem Sie beispielsweise eine E-Mail an <a href=\"mailto:service@pca.de\">service@pca.de<\/a> senden oder sich per Briefpost an PCA wenden.<\/p><\/div>\n      <\/div>\n      <div class=\"col-xs-12\" id=\"partnerMessage\">\n        <div class=\"help-block alert alert-warning\"><p><strong>Bitte beachten Sie:<\/strong><br \/>Ihre Auswahl betrifft <strong><span id=\"sameContract\">ebenfalls<\/span><span id=\"differentContract\">nicht<\/span><\/strong> den Vertrag Ihres Partners: <span class=\"partnerName\"><\/span><\/p><\/div>\n      <\/div>\n      <div class=\"col-xs-12\" id=\"partnerMessageLedger\">\n        <div  class=\"help-block alert alert-warning\"><p><strong>Bitte beachten Sie:<\/strong><br \/>&Auml;nderungen an Ihrem Vertrag k&ouml;nnen nur durch den Vertragsinhaber (<span class=\"partnerName\" ><\/span>) durchgef&uuml;hrt werden.<\/p><\/div>\n      <\/div>\n      <div id=\"cancelDateWrapper\" class=\"col-xs-12 form-group\">\n        <h4>K\u00fcndigungstermin<\/h4>\n        <div class=\"btn-group btn-group-toggle btn-checkbox\" id=\"cancelDateButton\" data-toggle=\"buttons\" role=\"group\">\n          <label class=\"btn btn-pca active\" id=\"cancelDateNext\">\n            <input type=\"radio\" name=\"cancelDate\" checked value=\"next\" tabindex=\"3\" required><span><\/span>zum n\u00e4chstm\u00f6glichen Zeitpunkt<\/label>\n          <label class=\"btn btn-pca\">\n            <input type=\"radio\" name=\"cancelDate\" value=\"custom\" tabindex=\"4\"><span><\/span>Wunschtermin<\/label>\n        <\/div>\n        <div id=\"customDateWrapper\" class=\"form-group row hidden\">\n          <div class=\"col-sm-6\">\n          <label for=\"customDate\" class=\"control-label\">\n          Wunschtermin          <\/label>\n          <div>\n             <input required type=\"text\" id=\"customDate\" name=\"customDate\" class=\"form-control input-sm inputmask dateinput\" placeholder=\"TT.MM.JJJJ\" tabindex=\"5\" \/>\n          <\/div>\n        <\/div>\n        <\/div>\n        <div id=\"customReasonWrapper\" class=\"form-group row hidden\">\n          <div class=\"col-sm-6\">\n            <p>Falls Sie Ihren Vertrag <em>vor<\/em> dem oben angegebenen Laufzeitende k\u00fcndigen m\u00f6chten, bitten wir Sie um eine kurze Begr\u00fcndung.<\/p>\n          <label for=\"customReason\" class=\"control-label\">\n          K\u00fcndigungsgrund          <\/label>\n          <div>\n             <input required type=\"text\" id=\"customReason\" name=\"customReason\" class=\"form-control input-sm\" placeholder=\"\" tabindex=\"6\" \/>\n          <\/div>\n        <\/div>\n      <\/div>\n      <\/div>\n      <div class=\"col-xs-12\">\n      <p id=\"submitDate\">Ihr K\u00fcndigungswunsch ist am <span id=\"cancelSubmitDate\"><\/span> um <span id=\"cancelSubmitTime\"><\/span> Uhr eingegangen und wird umgehend bearbeitet.<\/p>\n      <button type=\"button\" class=\"btn btn-pca has-spinner\" id=\"cardCancel\"> <span class=\"spinner\"><i class=\"fa fa-spinner fa-spin fa-pulse\" aria-hidden=\"true\"><\/i><\/span>Vertrag jetzt k\u00fcndigen<\/button>  \n      <button type=\"button\" class=\"btn btn-pca has-spinner\" id=\"cardRevoke\"> <span class=\"spinner\"><i class=\"fa fa-spinner fa-spin fa-pulse\" aria-hidden=\"true\"><\/i><\/span>K\u00fcndigung zur\u00fccknehmen<\/button>   \n      <!-- <button type=\"button\" class=\"btn btn-pca pull-right\" id=\"cardOk\">OK<\/button>  -->\n      <button type=\"button\" class=\"btn btn-pca pull-right\" id=\"printPage\"><span class=\"fa fa-print\"><\/span>&nbsp;Seite ausdrucken<\/button>\n    <\/div>\n    <\/div>\n  <\/div>\n\n<\/div>\n<\/div>\n\n\n","protected":false},"excerpt":{"rendered":"","protected":false},"author":2,"featured_media":0,"parent":0,"menu_order":0,"comment_status":"closed","ping_status":"closed","template":"","meta":{"footnotes":""},"yoast_head":"<!-- This site is optimized with the Yoast SEO plugin v22.7 - https:\/\/yoast.com\/wordpress\/plugins\/seo\/ -->\n<title>SunClub Mitgliedschaft k\u00fcndigen - Ihr Sonnenstudio Henstedt-Ulzburg<\/title>\n<meta name=\"robots\" content=\"noindex, follow\" \/>\n<meta property=\"og:locale\" content=\"de_DE\" \/>\n<meta property=\"og:type\" content=\"article\" \/>\n<meta property=\"og:title\" content=\"SunClub Mitgliedschaft k\u00fcndigen - Ihr Sonnenstudio Henstedt-Ulzburg\" \/>\n<meta property=\"og:url\" content=\"https:\/\/www.ihr-sonnenstudio.com\/henstedt-ulzburg\/kuendigung\/\" \/>\n<meta property=\"og:site_name\" content=\"Ihr Sonnenstudio Henstedt-Ulzburg\" \/>\n<meta property=\"article:modified_time\" content=\"2023-02-21T10:37:36+00:00\" \/>\n<meta name=\"twitter:card\" content=\"summary_large_image\" \/>\n<meta name=\"twitter:label1\" content=\"Gesch\u00e4tzte Lesezeit\" \/>\n\t<meta name=\"twitter:data1\" content=\"1\u00a0Minute\" \/>\n<script type=\"application\/ld+json\" class=\"yoast-schema-graph\">{\"@context\":\"https:\/\/schema.org\",\"@graph\":[{\"@type\":\"WebPage\",\"@id\":\"https:\/\/www.ihr-sonnenstudio.com\/henstedt-ulzburg\/kuendigung\/\",\"url\":\"https:\/\/www.ihr-sonnenstudio.com\/henstedt-ulzburg\/kuendigung\/\",\"name\":\"SunClub Mitgliedschaft k\u00fcndigen - Ihr Sonnenstudio Henstedt-Ulzburg\",\"isPartOf\":{\"@id\":\"https:\/\/www.ihr-sonnenstudio.com\/henstedt-ulzburg\/#website\"},\"datePublished\":\"2023-02-14T15:47:21+00:00\",\"dateModified\":\"2023-02-21T10:37:36+00:00\",\"breadcrumb\":{\"@id\":\"https:\/\/www.ihr-sonnenstudio.com\/henstedt-ulzburg\/kuendigung\/#breadcrumb\"},\"inLanguage\":\"de\",\"potentialAction\":[{\"@type\":\"ReadAction\",\"target\":[\"https:\/\/www.ihr-sonnenstudio.com\/henstedt-ulzburg\/kuendigung\/\"]}]},{\"@type\":\"BreadcrumbList\",\"@id\":\"https:\/\/www.ihr-sonnenstudio.com\/henstedt-ulzburg\/kuendigung\/#breadcrumb\",\"itemListElement\":[{\"@type\":\"ListItem\",\"position\":1,\"name\":\"Startseite\",\"item\":\"https:\/\/www.ihr-sonnenstudio.com\/henstedt-ulzburg\/home\/\"},{\"@type\":\"ListItem\",\"position\":2,\"name\":\"SunClub Mitgliedschaft k\u00fcndigen\"}]},{\"@type\":\"WebSite\",\"@id\":\"https:\/\/www.ihr-sonnenstudio.com\/henstedt-ulzburg\/#website\",\"url\":\"https:\/\/www.ihr-sonnenstudio.com\/henstedt-ulzburg\/\",\"name\":\"Ihr Sonnenstudio Henstedt-Ulzburg\",\"description\":\"\",\"potentialAction\":[{\"@type\":\"SearchAction\",\"target\":{\"@type\":\"EntryPoint\",\"urlTemplate\":\"https:\/\/www.ihr-sonnenstudio.com\/henstedt-ulzburg\/?s={search_term_string}\"},\"query-input\":\"required name=search_term_string\"}],\"inLanguage\":\"de\"}]}<\/script>\n<!-- \/ Yoast SEO plugin. -->","yoast_head_json":{"title":"SunClub Mitgliedschaft k\u00fcndigen - Ihr Sonnenstudio Henstedt-Ulzburg","robots":{"index":"noindex","follow":"follow"},"og_locale":"de_DE","og_type":"article","og_title":"SunClub Mitgliedschaft k\u00fcndigen - Ihr Sonnenstudio Henstedt-Ulzburg","og_url":"https:\/\/www.ihr-sonnenstudio.com\/henstedt-ulzburg\/kuendigung\/","og_site_name":"Ihr Sonnenstudio Henstedt-Ulzburg","article_modified_time":"2023-02-21T10:37:36+00:00","twitter_card":"summary_large_image","twitter_misc":{"Gesch\u00e4tzte Lesezeit":"1\u00a0Minute"},"schema":{"@context":"https:\/\/schema.org","@graph":[{"@type":"WebPage","@id":"https:\/\/www.ihr-sonnenstudio.com\/henstedt-ulzburg\/kuendigung\/","url":"https:\/\/www.ihr-sonnenstudio.com\/henstedt-ulzburg\/kuendigung\/","name":"SunClub Mitgliedschaft k\u00fcndigen - Ihr Sonnenstudio Henstedt-Ulzburg","isPartOf":{"@id":"https:\/\/www.ihr-sonnenstudio.com\/henstedt-ulzburg\/#website"},"datePublished":"2023-02-14T15:47:21+00:00","dateModified":"2023-02-21T10:37:36+00:00","breadcrumb":{"@id":"https:\/\/www.ihr-sonnenstudio.com\/henstedt-ulzburg\/kuendigung\/#breadcrumb"},"inLanguage":"de","potentialAction":[{"@type":"ReadAction","target":["https:\/\/www.ihr-sonnenstudio.com\/henstedt-ulzburg\/kuendigung\/"]}]},{"@type":"BreadcrumbList","@id":"https:\/\/www.ihr-sonnenstudio.com\/henstedt-ulzburg\/kuendigung\/#breadcrumb","itemListElement":[{"@type":"ListItem","position":1,"name":"Startseite","item":"https:\/\/www.ihr-sonnenstudio.com\/henstedt-ulzburg\/home\/"},{"@type":"ListItem","position":2,"name":"SunClub Mitgliedschaft k\u00fcndigen"}]},{"@type":"WebSite","@id":"https:\/\/www.ihr-sonnenstudio.com\/henstedt-ulzburg\/#website","url":"https:\/\/www.ihr-sonnenstudio.com\/henstedt-ulzburg\/","name":"Ihr Sonnenstudio Henstedt-Ulzburg","description":"","potentialAction":[{"@type":"SearchAction","target":{"@type":"EntryPoint","urlTemplate":"https:\/\/www.ihr-sonnenstudio.com\/henstedt-ulzburg\/?s={search_term_string}"},"query-input":"required name=search_term_string"}],"inLanguage":"de"}]}},"_links":{"self":[{"href":"https:\/\/www.ihr-sonnenstudio.com\/henstedt-ulzburg\/wp-json\/wp\/v2\/pages\/695"}],"collection":[{"href":"https:\/\/www.ihr-sonnenstudio.com\/henstedt-ulzburg\/wp-json\/wp\/v2\/pages"}],"about":[{"href":"https:\/\/www.ihr-sonnenstudio.com\/henstedt-ulzburg\/wp-json\/wp\/v2\/types\/page"}],"author":[{"embeddable":true,"href":"https:\/\/www.ihr-sonnenstudio.com\/henstedt-ulzburg\/wp-json\/wp\/v2\/users\/2"}],"replies":[{"embeddable":true,"href":"https:\/\/www.ihr-sonnenstudio.com\/henstedt-ulzburg\/wp-json\/wp\/v2\/comments?post=695"}],"version-history":[{"count":0,"href":"https:\/\/www.ihr-sonnenstudio.com\/henstedt-ulzburg\/wp-json\/wp\/v2\/pages\/695\/revisions"}],"wp:attachment":[{"href":"https:\/\/www.ihr-sonnenstudio.com\/henstedt-ulzburg\/wp-json\/wp\/v2\/media?parent=695"}],"curies":[{"name":"wp","href":"https:\/\/api.w.org\/{rel}","templated":true}]}}